{"id":295,"date":"2020-02-26T00:14:06","date_gmt":"2020-02-26T03:14:06","guid":{"rendered":"https:\/\/geometricard.xyz\/?page_id=295"},"modified":"2021-01-22T16:12:06","modified_gmt":"2021-01-22T19:12:06","slug":"idea","status":"publish","type":"page","link":"https:\/\/geometricard.xyz\/index.php\/idea\/","title":{"rendered":"La idea"},"content":{"rendered":"\n<div class=\"wp-block-columns has-3-columns is-layout-flex wp-container-core-columns-is-layout-9d6595d7 wp-block-columns-is-layout-flex\">\n<div class=\"wp-block-column is-layout-flow wp-block-column-is-layout-flow\">\n<div class=\"wp-block-image\"><figure class=\"alignright is-resized\"><img loading=\"lazy\" decoding=\"async\" src=\"https:\/\/geometricard.xyz\/wp-content\/uploads\/2020\/02\/30-1024x1024.png\" alt=\"\" class=\"wp-image-258\" width=\"118\" height=\"118\" srcset=\"https:\/\/geometricard.xyz\/wp-content\/uploads\/2020\/02\/30-1024x1024.png 1024w, https:\/\/geometricard.xyz\/wp-content\/uploads\/2020\/02\/30-150x150.png 150w, https:\/\/geometricard.xyz\/wp-content\/uploads\/2020\/02\/30-300x300.png 300w, https:\/\/geometricard.xyz\/wp-content\/uploads\/2020\/02\/30-768x768.png 768w, https:\/\/geometricard.xyz\/wp-content\/uploads\/2020\/02\/30-324x324.png 324w, https:\/\/geometricard.xyz\/wp-content\/uploads\/2020\/02\/30-416x416.png 416w, https:\/\/geometricard.xyz\/wp-content\/uploads\/2020\/02\/30-100x100.png 100w, https:\/\/geometricard.xyz\/wp-content\/uploads\/2020\/02\/30.png 1080w\" sizes=\"auto, (max-width: 118px) 100vw, 118px\" \/><\/figure><\/div>\n<\/div>\n\n\n\n<div class=\"wp-block-column is-layout-flow wp-block-column-is-layout-flow\">\n<h2 class=\"wp-block-heading\" style=\"text-align:center\"><strong>\u00bfC\u00f3mo surgi\u00f3 la idea?<\/strong><\/h2>\n<\/div>\n\n\n\n<div class=\"wp-block-column is-layout-flow wp-block-column-is-layout-flow\">\n<p><\/p>\n<\/div>\n<\/div>\n\n\n\n<blockquote style=\"text-align:right\" class=\"wp-block-quote is-layout-flow wp-block-quote-is-layout-flow\"><p>Soy profe de Matem\u00e1tica y observ\u00e9 en las aulas que los estudiantes no cuentan con los \u00fatiles de geometr\u00eda, porque se olvidan de traerlos o porque los pierden. Sin embargo observ\u00e9 tambi\u00e9n que una gran cantidad de alumnos usa naturalmente su tarjeta de transporte para subrayar o trazar l\u00edneas.  Entonces pens\u00e9 c\u00f3mo hacer que la tarjeta de transporte sea al mismo tiempo sus \u00fatiles de geometr\u00eda.  De esa manera, si vienen a la escuela en colectivo, no pueden olvidarse los \u00fatiles y si vuelven a sus casas, no pueden perderlos. \u00a1Padres y profesores, contentos! Y algunos j\u00f3venes tambi\u00e9n \ud83d\ude42<\/p><cite>Mart\u00edn Cascales<\/cite><\/blockquote>\n\n\n\n<div style=\"height:69px\" aria-hidden=\"true\" class=\"wp-block-spacer\"><\/div>\n\n\n\n<h2 class=\"wp-block-heading\" style=\"text-align:center\"><strong>\u00bfTe imagin\u00e1s usar tus \u00fatiles de geometr\u00eda para pagar el viaje hacia la escuela?<\/strong><\/h2>\n\n\n\n<figure class=\"wp-block-embed-youtube wp-block-embed\"><div class=\"wp-block-embed__wrapper\">\n<center><iframe loading=\"lazy\" width=\"560\" height=\"315\" src=\"https:\/\/www.youtube.com\/embed\/JSrtISmyyPk\" frameborder=\"0\" allow=\"accelerometer; autoplay; encrypted-media; gyroscope; picture-in-picture\" allowfullscreen=\"\"><\/iframe><\/center>\n<\/div><\/figure>\n\n\n\n<div style=\"height:100px\" aria-hidden=\"true\" class=\"wp-block-spacer\"><\/div>\n\n\n\n<div class=\"wp-block-columns has-2-columns is-layout-flex wp-container-core-columns-is-layout-9d6595d7 wp-block-columns-is-layout-flex\">\n<div class=\"wp-block-column is-layout-flow wp-block-column-is-layout-flow\">\n<figure class=\"wp-block-image\"><img loading=\"lazy\" decoding=\"async\" width=\"410\" height=\"1024\" src=\"https:\/\/geometricard.xyz\/wp-content\/uploads\/2021\/01\/GMC-TimeLine-410x1024.png\" alt=\"GMC-TimeLine\" class=\"wp-image-545\" srcset=\"https:\/\/geometricard.xyz\/wp-content\/uploads\/2021\/01\/GMC-TimeLine-410x1024.png 410w, https:\/\/geometricard.xyz\/wp-content\/uploads\/2021\/01\/GMC-TimeLine-120x300.png 120w, https:\/\/geometricard.xyz\/wp-content\/uploads\/2021\/01\/GMC-TimeLine-768x1920.png 768w, https:\/\/geometricard.xyz\/wp-content\/uploads\/2021\/01\/GMC-TimeLine-416x1040.png 416w, https:\/\/geometricard.xyz\/wp-content\/uploads\/2021\/01\/GMC-TimeLine.png 800w\" sizes=\"auto, (max-width: 410px) 100vw, 410px\" \/><\/figure>\n\n\n\n<p><\/p>\n<\/div>\n\n\n\n<div class=\"wp-block-column is-layout-flow wp-block-column-is-layout-flow\">\n<figure class=\"wp-block-image\"><img loading=\"lazy\" decoding=\"async\" width=\"410\" height=\"1024\" src=\"https:\/\/geometricard.xyz\/wp-content\/uploads\/2021\/01\/SobreMi-410x1024.png\" alt=\"\" class=\"wp-image-546\" srcset=\"https:\/\/geometricard.xyz\/wp-content\/uploads\/2021\/01\/SobreMi-410x1024.png 410w, https:\/\/geometricard.xyz\/wp-content\/uploads\/2021\/01\/SobreMi-120x300.png 120w, https:\/\/geometricard.xyz\/wp-content\/uploads\/2021\/01\/SobreMi-768x1920.png 768w, https:\/\/geometricard.xyz\/wp-content\/uploads\/2021\/01\/SobreMi-416x1040.png 416w, https:\/\/geometricard.xyz\/wp-content\/uploads\/2021\/01\/SobreMi.png 800w\" sizes=\"auto, (max-width: 410px) 100vw, 410px\" \/><\/figure>\n<\/div>\n<\/div>\n\n\n\n<h2 class=\"wp-block-heading\" style=\"text-align:left\"><strong><em>+<\/em><\/strong> Geometricard presente en un <strong><em><a rel=\"noreferrer noopener\" aria-label=\"Festival de Juegos Matem\u00e1ticos (opens in a new tab)\" href=\"https:\/\/www.elliberal.com.ar\/noticia\/490730\/festival-juegos-matematicos-fisicos-visita-colegios-loretanos?utm_campaign=ScrollInfinitoDesktop&amp;utm_medium=scroll&amp;utm_source=nota\" target=\"_blank\">Festival de Juegos Matem\u00e1ticos<\/a><\/em><\/strong><\/h2>\n\n\n\n<div style=\"height:38px\" aria-hidden=\"true\" class=\"wp-block-spacer\"><\/div>\n\n\n\n<hr class=\"wp-block-separator is-style-wide\"\/>\n\n\n\n<h2 class=\"wp-block-heading\" style=\"text-align:center\">\u00a1<strong>Ped\u00ed este original \u00fatil y <\/strong><br><strong>comenz\u00e1 a disfrutarlo ahora mismo!<\/strong><\/h2>\n\n\n\n<div class=\"wp-block-image\"><figure class=\"aligncenter is-resized\"><a href=\"https:\/\/geometricard.xyz\/index.php\/tienda\/\"><img loading=\"lazy\" decoding=\"async\" src=\"https:\/\/geometricard.xyz\/wp-content\/uploads\/2020\/04\/GMC-Portadas.gif\" alt=\"\" class=\"wp-image-422\" width=\"302\" height=\"100\"\/><\/a><\/figure><\/div>\n\n\n\n<hr class=\"wp-block-separator is-style-wide\"\/>\n\n\n\n<hr class=\"wp-block-separator is-style-wide\"\/>\n\n\n<div data-block-name=\"woocommerce\/product-category\" data-categories=\"[20,19]\" data-columns=\"2\" data-content-visibility=\"{&quot;title&quot;:true,&quot;price&quot;:true,&quot;rating&quot;:false,&quot;button&quot;:true}\" data-edit-mode=\"false\" data-orderby=\"price_asc\" class=\"wc-block-grid wp-block-product-category wp-block-woocommerce-product-category wc-block-product-category has-2-columns has-multiple-rows alignwide\"><ul class=\"wc-block-grid__products\"><li class=\"wc-block-grid__product\">\n\t\t\t\t<a href=\"https:\/\/geometricard.xyz\/index.php\/producto\/geometricard\/\" class=\"wc-block-grid__product-link\">\n\t\t\t\t\t\n\t\t\t\t\t<div class=\"wc-block-grid__product-image\"><img loading=\"lazy\" decoding=\"async\" width=\"324\" height=\"324\" src=\"https:\/\/geometricard.xyz\/wp-content\/uploads\/2025\/07\/GMC-EnNewBlister4-324x324.jpg\" class=\"attachment-woocommerce_thumbnail size-woocommerce_thumbnail\" alt=\"GeoMetriCard Transparente x1\" srcset=\"https:\/\/geometricard.xyz\/wp-content\/uploads\/2025\/07\/GMC-EnNewBlister4-324x324.jpg 324w, https:\/\/geometricard.xyz\/wp-content\/uploads\/2025\/07\/GMC-EnNewBlister4-300x300.jpg 300w, https:\/\/geometricard.xyz\/wp-content\/uploads\/2025\/07\/GMC-EnNewBlister4-1024x1024.jpg 1024w, https:\/\/geometricard.xyz\/wp-content\/uploads\/2025\/07\/GMC-EnNewBlister4-150x150.jpg 150w, https:\/\/geometricard.xyz\/wp-content\/uploads\/2025\/07\/GMC-EnNewBlister4-768x768.jpg 768w, https:\/\/geometricard.xyz\/wp-content\/uploads\/2025\/07\/GMC-EnNewBlister4-1536x1536.jpg 1536w, https:\/\/geometricard.xyz\/wp-content\/uploads\/2025\/07\/GMC-EnNewBlister4-416x416.jpg 416w, https:\/\/geometricard.xyz\/wp-content\/uploads\/2025\/07\/GMC-EnNewBlister4-100x100.jpg 100w, https:\/\/geometricard.xyz\/wp-content\/uploads\/2025\/07\/GMC-EnNewBlister4.jpg 1987w\" sizes=\"auto, (max-width: 324px) 100vw, 324px\" \/><\/div>\n\t\t\t\t\t<div class=\"wc-block-grid__product-title\">GeoMetriCard Transparente x1<\/div>\n\t\t\t\t<\/a>\n\t\t\t\t<div class=\"wc-block-grid__product-price price\"><span class=\"woocommerce-Price-amount amount\"><span class=\"woocommerce-Price-currencySymbol\">&#036;<\/span>5.000<\/span><\/div>\n\t\t\t\t\n\t\t\t\t<div class=\"wp-block-button wc-block-grid__product-add-to-cart\"><a href=\"\/index.php\/wp-json\/wp\/v2\/pages\/295?add-to-cart=10\" aria-label=\"Add to cart: &ldquo;GeoMetriCard Transparente x1&rdquo;\" data-quantity=\"1\" data-product_id=\"10\" data-product_sku=\"\" data-price=\"5000\" rel=\"nofollow\" class=\"wp-block-button__link  add_to_cart_button ajax_add_to_cart\">Agregar al carrito<\/a><\/div>\n\t\t\t<\/li><li class=\"wc-block-grid__product\">\n\t\t\t\t<a href=\"https:\/\/geometricard.xyz\/index.php\/producto\/geometricard-transparente-pack-x-5\/\" class=\"wc-block-grid__product-link\">\n\t\t\t\t\t\n\t\t\t\t\t<div class=\"wc-block-grid__product-image\"><img loading=\"lazy\" decoding=\"async\" width=\"324\" height=\"324\" src=\"https:\/\/geometricard.xyz\/wp-content\/uploads\/2025\/07\/IMG_20240227_193920936-324x324.jpg\" class=\"attachment-woocommerce_thumbnail size-woocommerce_thumbnail\" alt=\"GeoMetriCard Transparente Pack x 5 unidades\" srcset=\"https:\/\/geometricard.xyz\/wp-content\/uploads\/2025\/07\/IMG_20240227_193920936-324x324.jpg 324w, https:\/\/geometricard.xyz\/wp-content\/uploads\/2025\/07\/IMG_20240227_193920936-300x300.jpg 300w, https:\/\/geometricard.xyz\/wp-content\/uploads\/2025\/07\/IMG_20240227_193920936-1024x1024.jpg 1024w, https:\/\/geometricard.xyz\/wp-content\/uploads\/2025\/07\/IMG_20240227_193920936-150x150.jpg 150w, https:\/\/geometricard.xyz\/wp-content\/uploads\/2025\/07\/IMG_20240227_193920936-768x768.jpg 768w, https:\/\/geometricard.xyz\/wp-content\/uploads\/2025\/07\/IMG_20240227_193920936-1536x1536.jpg 1536w, https:\/\/geometricard.xyz\/wp-content\/uploads\/2025\/07\/IMG_20240227_193920936-2048x2048.jpg 2048w, https:\/\/geometricard.xyz\/wp-content\/uploads\/2025\/07\/IMG_20240227_193920936-416x416.jpg 416w, https:\/\/geometricard.xyz\/wp-content\/uploads\/2025\/07\/IMG_20240227_193920936-100x100.jpg 100w\" sizes=\"auto, (max-width: 324px) 100vw, 324px\" \/><\/div>\n\t\t\t\t\t<div class=\"wc-block-grid__product-title\">GeoMetriCard Transparente Pack x 5 unidades<\/div>\n\t\t\t\t<\/a>\n\t\t\t\t<div class=\"wc-block-grid__product-price price\"><del aria-hidden=\"true\"><span class=\"woocommerce-Price-amount amount\"><span class=\"woocommerce-Price-currencySymbol\">&#036;<\/span>20.990<\/span><\/del> <span class=\"screen-reader-text\">Original price was: &#036;20.990.<\/span><ins aria-hidden=\"true\"><span class=\"woocommerce-Price-amount amount\"><span class=\"woocommerce-Price-currencySymbol\">&#036;<\/span>17.490<\/span><\/ins><span class=\"screen-reader-text\">Current price is: &#036;17.490.<\/span><\/div>\n\t\t\t\t\n\t\t\t\t<div class=\"wp-block-button wc-block-grid__product-add-to-cart\"><a href=\"\/index.php\/wp-json\/wp\/v2\/pages\/295?add-to-cart=880\" aria-label=\"Add to cart: &ldquo;GeoMetriCard Transparente Pack x 5 unidades&rdquo;\" data-quantity=\"1\" data-product_id=\"880\" data-product_sku=\"\" data-price=\"17490\" rel=\"nofollow\" class=\"wp-block-button__link  add_to_cart_button ajax_add_to_cart\">Agregar al carrito<\/a><\/div>\n\t\t\t<\/li><li class=\"wc-block-grid__product\">\n\t\t\t\t<a href=\"https:\/\/geometricard.xyz\/index.php\/producto\/geometricard-transparente-pack-x10\/\" class=\"wc-block-grid__product-link\">\n\t\t\t\t\t\n\t\t\t\t\t<div class=\"wc-block-grid__product-image\"><img loading=\"lazy\" decoding=\"async\" width=\"324\" height=\"324\" src=\"https:\/\/geometricard.xyz\/wp-content\/uploads\/2019\/06\/WhatsApp-Image-2020-06-05-at-10.44.20-324x324.jpeg\" class=\"attachment-woocommerce_thumbnail size-woocommerce_thumbnail\" alt=\"GeoMetriCard Transparente Pack x10\" srcset=\"https:\/\/geometricard.xyz\/wp-content\/uploads\/2019\/06\/WhatsApp-Image-2020-06-05-at-10.44.20-324x324.jpeg 324w, https:\/\/geometricard.xyz\/wp-content\/uploads\/2019\/06\/WhatsApp-Image-2020-06-05-at-10.44.20-150x150.jpeg 150w, https:\/\/geometricard.xyz\/wp-content\/uploads\/2019\/06\/WhatsApp-Image-2020-06-05-at-10.44.20-100x100.jpeg 100w\" sizes=\"auto, (max-width: 324px) 100vw, 324px\" \/><\/div>\n\t\t\t\t\t<div class=\"wc-block-grid__product-title\">GeoMetriCard Transparente Pack x10<\/div>\n\t\t\t\t<\/a>\n\t\t\t\t<div class=\"wc-block-grid__product-price price\"><del aria-hidden=\"true\"><span class=\"woocommerce-Price-amount amount\"><span class=\"woocommerce-Price-currencySymbol\">&#036;<\/span>35.000<\/span><\/del> <span class=\"screen-reader-text\">Original price was: &#036;35.000.<\/span><ins aria-hidden=\"true\"><span class=\"woocommerce-Price-amount amount\"><span class=\"woocommerce-Price-currencySymbol\">&#036;<\/span>29.990<\/span><\/ins><span class=\"screen-reader-text\">Current price is: &#036;29.990.<\/span><\/div>\n\t\t\t\t\n\t\t\t\t<div class=\"wp-block-button wc-block-grid__product-add-to-cart\"><a href=\"\/index.php\/wp-json\/wp\/v2\/pages\/295?add-to-cart=171\" aria-label=\"Add to cart: &ldquo;GeoMetriCard Transparente Pack x10&rdquo;\" data-quantity=\"1\" data-product_id=\"171\" data-product_sku=\"\" data-price=\"29990\" rel=\"nofollow\" class=\"wp-block-button__link  add_to_cart_button ajax_add_to_cart\">Agregar al carrito<\/a><\/div>\n\t\t\t<\/li><\/ul><\/div>\n\n\n<hr class=\"wp-block-separator\"\/>\n\n\n\n<hr class=\"wp-block-separator is-style-wide\"\/>\n\n\n\n<p><\/p>\n","protected":false},"excerpt":{"rendered":"<p>\u00bfC\u00f3mo surgi\u00f3 la idea? Soy profe de Matem\u00e1tica y observ\u00e9 en las aulas que los estudiantes no cuentan con los \u00fatiles de geometr\u00eda, porque se olvidan de traerlos o porque los pierden. Sin embargo observ\u00e9 tambi\u00e9n que una gran cantidad de alumnos usa naturalmente su tarjeta de transporte para subrayar o trazar l\u00edneas. Entonces pens\u00e9&hellip;<\/p>\n","protected":false},"author":1,"featured_media":0,"parent":0,"menu_order":0,"comment_status":"closed","ping_status":"closed","template":"","meta":{"footnotes":""},"class_list":["post-295","page","type-page","status-publish","hentry"],"jetpack_sharing_enabled":true,"_links":{"self":[{"href":"https:\/\/geometricard.xyz\/index.php\/wp-json\/wp\/v2\/pages\/295","targetHints":{"allow":["GET"]}}],"collection":[{"href":"https:\/\/geometricard.xyz\/index.php\/wp-json\/wp\/v2\/pages"}],"about":[{"href":"https:\/\/geometricard.xyz\/index.php\/wp-json\/wp\/v2\/types\/page"}],"author":[{"embeddable":true,"href":"https:\/\/geometricard.xyz\/index.php\/wp-json\/wp\/v2\/users\/1"}],"replies":[{"embeddable":true,"href":"https:\/\/geometricard.xyz\/index.php\/wp-json\/wp\/v2\/comments?post=295"}],"version-history":[{"count":17,"href":"https:\/\/geometricard.xyz\/index.php\/wp-json\/wp\/v2\/pages\/295\/revisions"}],"predecessor-version":[{"id":548,"href":"https:\/\/geometricard.xyz\/index.php\/wp-json\/wp\/v2\/pages\/295\/revisions\/548"}],"wp:attachment":[{"href":"https:\/\/geometricard.xyz\/index.php\/wp-json\/wp\/v2\/media?parent=295"}],"curies":[{"name":"wp","href":"https:\/\/api.w.org\/{rel}","templated":true}]}}