{"id":1090,"date":"2025-09-16T13:21:15","date_gmt":"2025-09-16T16:21:15","guid":{"rendered":"https:\/\/geometricard.xyz\/?post_type=product&#038;p=1090"},"modified":"2026-05-08T09:21:27","modified_gmt":"2026-05-08T12:21:27","slug":"geometricard-pi-para-pizarras-blancas-2","status":"publish","type":"product","link":"https:\/\/geometricard.xyz\/index.php\/producto\/geometricard-pi-para-pizarras-blancas-2\/","title":{"rendered":"GeoMetriCard-Pi  para pizarras blancas"},"content":{"rendered":"<p><span class=\"x19la9d6 x1fc57z9 x6ikm8r x10wlt62 x19co3pv x11tp94h xfibh0p xiy17q3 x1xsqp64 x1lkfr7t xexx8yu xyri2b x18d9i69 x1c1uobl\"><span class=\"xrtxmta x1bhl96m\">\ud83d\udd8d\ufe0f<\/span><\/span>Trazar nunca fue tan pr\u00e1ctico<br \/>\nUna mano sostiene la GeoMetriCard-Pi, la otra el marcador. <span class=\"x19la9d6 x1fc57z9 x6ikm8r x10wlt62 x19co3pv x11tp94h xfibh0p xiy17q3 x1xsqp64 x1lkfr7t xexx8yu xyri2b x18d9i69 x1c1uobl\"><span class=\"xrtxmta x1bhl96m\">\ud83e\udd29<\/span><\/span>No debes intercambiar los \u00fatiles al trazar.<\/p>\n<p><strong>PR\u00c1CTICA<\/strong><br \/>\nPermite realizar las funciones de los 4 \u00fatiles: regla, escuadra, transportador y comp\u00e1s<\/p>\n<p><strong>R\u00c1PIDA<\/strong><br \/>\nAl no tener que cambiar de \u00fatiles a cada paso, reduce los tiempos de trazado<\/p>\n<p><strong>M\u00c1S FUNCIONAL<\/strong><br \/>\nConstruye figuras r\u00e1pidamente con las plantillas incluidas en su dise\u00f1o<\/p>\n<p><strong>ATRACTIVA<\/strong><br \/>\nGenera mayor inter\u00e9s en los estudiantes por su dise\u00f1o innovador<\/p>\n<p data-path-to-node=\"7\">\ud83d\udcb0 <b data-path-to-node=\"7\" data-index-in-node=\"3\">PROMO ESPECIAL:<\/b> Llevatela con un <b data-path-to-node=\"7\" data-index-in-node=\"36\">10% OFF<\/b> pagando por transferencia. \u00a1No la dejes pasar!<\/p>\n<p data-path-to-node=\"8\">\ud83d\udc69\u200d\ud83c\udfeb <b data-path-to-node=\"8\" data-index-in-node=\"6\">\u00bfSos docente o represent\u00e1s a una instituci\u00f3n?<\/b> Tenemos descuentos mayoristas pensados para ustedes. \u00a1Hagamos que todo el curso se equipe! \ud83d\udcf2 Escribinos ac\u00e1: <b data-path-to-node=\"8\" data-index-in-node=\"162\">3855050317<\/b><\/p>\n<p data-path-to-node=\"9\">\ud83d\ude9a <b data-path-to-node=\"9\" data-index-in-node=\"3\">Env\u00edos a todo el pa\u00eds:<\/b> \u00bfQuer\u00e9s saber cu\u00e1nto cuesta el env\u00edo? Muy f\u00e1cil: <b data-path-to-node=\"9\" data-index-in-node=\"75\">Haz clic<\/b> en el logo de <b data-path-to-node=\"9\" data-index-in-node=\"98\">Andreani<\/b> que ves abajo, pon\u00e9 tu c\u00f3digo postal y listo. \ud83d\udc47<\/p>\n","protected":false},"excerpt":{"rendered":"<p>Una nueva <strong>soluci\u00f3n<\/strong> para trazar en <strong>PIZARRAS BLANCAS<\/strong>.<\/p>\n<p><span class=\"x19la9d6 x1fc57z9 x6ikm8r x10wlt62 x19co3pv x11tp94h xfibh0p xiy17q3 x1xsqp64 x1lkfr7t xexx8yu xyri2b x18d9i69 x1c1uobl\"><span class=\"xrtxmta x1bhl96m\">\ud83d\udd8d\ufe0f<\/span><\/span>Trazar nunca fue tan pr\u00e1ctico<br \/>\nUna mano sostiene la GeoMetriCard-Pi, la otra el marcador. <span class=\"x19la9d6 x1fc57z9 x6ikm8r x10wlt62 x19co3pv x11tp94h xfibh0p xiy17q3 x1xsqp64 x1lkfr7t xexx8yu xyri2b x18d9i69 x1c1uobl\"><span class=\"xrtxmta x1bhl96m\">\ud83e\udd29<\/span><\/span>No debes intercambiar los \u00fatiles al trazar.<\/p>\n<p><strong>PR\u00c1CTICA<\/strong><br \/>\nPermite realizar las funciones de los 4 \u00fatiles: regla, escuadra, transportador y comp\u00e1s<\/p>\n<p><strong>R\u00c1PIDA<\/strong><br \/>\nAl no tener que cambiar de \u00fatiles a cada paso, reduce los tiempos de trazado<\/p>\n<p><strong>M\u00c1S FUNCIONAL<\/strong><br \/>\nConstruye figuras r\u00e1pidamente con las plantillas incluidas en su dise\u00f1o<\/p>\n<p><strong>ATRACTIVA<\/strong><br \/>\nGenera mayor inter\u00e9s en los estudiantes por su dise\u00f1o innovador<\/p>\n<p data-path-to-node=\"7\">\ud83d\udcb0 <b data-path-to-node=\"7\" data-index-in-node=\"3\">PROMO ESPECIAL:<\/b> Llevatela con un <b data-path-to-node=\"7\" data-index-in-node=\"36\">10% OFF<\/b> pagando por transferencia. \u00a1No la dejes pasar!<\/p>\n<p data-path-to-node=\"8\">\ud83d\udc69\u200d\ud83c\udfeb <b data-path-to-node=\"8\" data-index-in-node=\"6\">\u00bfSos docente o represent\u00e1s a una instituci\u00f3n?<\/b> Tenemos descuentos mayoristas pensados para ustedes. \u00a1Hagamos que todo el curso se equipe! \ud83d\udcf2 Escribinos ac\u00e1: <b data-path-to-node=\"8\" data-index-in-node=\"162\">3855050317<\/b><\/p>\n<p data-path-to-node=\"9\">\ud83d\ude9a <b data-path-to-node=\"9\" data-index-in-node=\"3\">Env\u00edos a todo el pa\u00eds:<\/b> \u00bfQuer\u00e9s saber cu\u00e1nto cuesta el env\u00edo? Muy f\u00e1cil: <b data-path-to-node=\"9\" data-index-in-node=\"75\">Haz clic<\/b> en el logo de <b data-path-to-node=\"9\" data-index-in-node=\"98\">Andreani<\/b> que ves abajo, pon\u00e9 tu c\u00f3digo postal y listo. \ud83d\udc47<\/p>\n","protected":false},"featured_media":721,"comment_status":"open","ping_status":"closed","template":"","meta":[],"product_brand":[],"product_cat":[18],"product_tag":[23],"class_list":{"0":"post-1090","1":"product","2":"type-product","3":"status-publish","4":"has-post-thumbnail","6":"product_cat-gmc-pizarra","7":"product_tag-pizarra","8":"product_shipping_class-envio-gmc-pi","10":"first","11":"instock","12":"sale","13":"shipping-taxable","14":"purchasable","15":"product-type-simple"},"jetpack_sharing_enabled":true,"_links":{"self":[{"href":"https:\/\/geometricard.xyz\/index.php\/wp-json\/wp\/v2\/product\/1090","targetHints":{"allow":["GET"]}}],"collection":[{"href":"https:\/\/geometricard.xyz\/index.php\/wp-json\/wp\/v2\/product"}],"about":[{"href":"https:\/\/geometricard.xyz\/index.php\/wp-json\/wp\/v2\/types\/product"}],"replies":[{"embeddable":true,"href":"https:\/\/geometricard.xyz\/index.php\/wp-json\/wp\/v2\/comments?post=1090"}],"wp:featuredmedia":[{"embeddable":true,"href":"https:\/\/geometricard.xyz\/index.php\/wp-json\/wp\/v2\/media\/721"}],"wp:attachment":[{"href":"https:\/\/geometricard.xyz\/index.php\/wp-json\/wp\/v2\/media?parent=1090"}],"wp:term":[{"taxonomy":"product_brand","embeddable":true,"href":"https:\/\/geometricard.xyz\/index.php\/wp-json\/wp\/v2\/product_brand?post=1090"},{"taxonomy":"product_cat","embeddable":true,"href":"https:\/\/geometricard.xyz\/index.php\/wp-json\/wp\/v2\/product_cat?post=1090"},{"taxonomy":"product_tag","embeddable":true,"href":"https:\/\/geometricard.xyz\/index.php\/wp-json\/wp\/v2\/product_tag?post=1090"}],"curies":[{"name":"wp","href":"https:\/\/api.w.org\/{rel}","templated":true}]}}