{"id":1198,"date":"2026-05-08T08:59:23","date_gmt":"2026-05-08T11:59:23","guid":{"rendered":"https:\/\/geometricard.xyz\/?post_type=product&#038;p=1198"},"modified":"2026-05-08T09:18:11","modified_gmt":"2026-05-08T12:18:11","slug":"geometricard-transparente-pack-escolar-x30","status":"publish","type":"product","link":"https:\/\/geometricard.xyz\/index.php\/producto\/geometricard-transparente-pack-escolar-x30\/","title":{"rendered":"GeoMetriCard Transparente Pack Escolar x30"},"content":{"rendered":"<p data-path-to-node=\"5\">\ud83d\udc69\u200d\ud83c\udfeb <b data-path-to-node=\"8\" data-index-in-node=\"6\">\u00bfSos docente o represent\u00e1s a una instituci\u00f3n?<\/b> Este pack es para vos. \u00a1Hagamos que todo el curso se equipe!<\/p>\n<p data-path-to-node=\"6\">La <b data-path-to-node=\"6\" data-index-in-node=\"48\">GeoMetriCard Transparente<\/b> es tu nueva aliada. Por su tama\u00f1o y practicidad es especial para llevarla al cole en la cartuchera, en la billetera, o en la funda del celular. Todos los \u00fatiles geom\u00e9tricos en un solo objeto. \ud83e\udde0\ud83d\udd25 \u00a1Traz\u00e1, med\u00ed y cre\u00e1!<\/p>\n<p data-path-to-node=\"7\">\ud83d\udcb0 <b data-path-to-node=\"7\" data-index-in-node=\"3\">PROMO ESPECIAL:<\/b> Llevatela con un <b data-path-to-node=\"7\" data-index-in-node=\"36\">10% OFF<\/b> pagando por transferencia. \u00a1No la dejes pasar!<\/p>\n<p data-path-to-node=\"8\">\u00a0\ud83d\udcf2 Escribinos por whatsapps y consultanos: <b data-path-to-node=\"8\" data-index-in-node=\"162\">3855050317<\/b><\/p>\n<p data-path-to-node=\"9\">\ud83d\ude9a <b data-path-to-node=\"9\" data-index-in-node=\"3\">Env\u00edos a todo el pa\u00eds:<\/b> \u00bfQuer\u00e9s saber cu\u00e1nto cuesta el env\u00edo? Muy f\u00e1cil: <b data-path-to-node=\"9\" data-index-in-node=\"75\">Haz clic<\/b> en el logo de <b data-path-to-node=\"9\" data-index-in-node=\"98\">Andreani<\/b> que ves abajo, pon\u00e9 tu c\u00f3digo postal y listo. \ud83d\udc47<\/p>\n","protected":false},"excerpt":{"rendered":"<p data-path-to-node=\"5\">\ud83d\udc69\u200d\ud83c\udfeb <b data-path-to-node=\"8\" data-index-in-node=\"6\">\u00bfSos docente o represent\u00e1s a una instituci\u00f3n?<\/b> Este pack es para vos. \u00a1Hagamos que todo el curso se equipe!<\/p>\n<p data-path-to-node=\"6\">La <b data-path-to-node=\"6\" data-index-in-node=\"48\">GeoMetriCard Transparente<\/b> es tu nueva aliada. Por su tama\u00f1o y practicidad es especial para llevarla al cole en la cartuchera, en la billetera, o en la funda del celular. Todos los \u00fatiles geom\u00e9tricos en un solo objeto. \ud83e\udde0\ud83d\udd25 \u00a1Traz\u00e1, med\u00ed y cre\u00e1!<\/p>\n<p data-path-to-node=\"9\">\ud83d\ude9a <b data-path-to-node=\"9\" data-index-in-node=\"3\">Env\u00edos a todo el pa\u00eds:<\/b> \u00bfQuer\u00e9s saber cu\u00e1nto cuesta el env\u00edo? Muy f\u00e1cil: <b data-path-to-node=\"9\" data-index-in-node=\"75\">Haz clic<\/b> en el logo de <b data-path-to-node=\"9\" data-index-in-node=\"98\">Andreani<\/b> que ves abajo, pon\u00e9 tu c\u00f3digo postal y listo. \ud83d\udc47<\/p>\n","protected":false},"featured_media":80,"comment_status":"open","ping_status":"closed","template":"","meta":[],"product_brand":[],"product_cat":[19],"product_tag":[],"class_list":{"0":"post-1198","1":"product","2":"type-product","3":"status-publish","4":"has-post-thumbnail","6":"product_cat-gmc-trans","8":"first","9":"instock","10":"sale","11":"shipping-taxable","12":"purchasable","13":"product-type-simple"},"jetpack_sharing_enabled":true,"_links":{"self":[{"href":"https:\/\/geometricard.xyz\/index.php\/wp-json\/wp\/v2\/product\/1198","targetHints":{"allow":["GET"]}}],"collection":[{"href":"https:\/\/geometricard.xyz\/index.php\/wp-json\/wp\/v2\/product"}],"about":[{"href":"https:\/\/geometricard.xyz\/index.php\/wp-json\/wp\/v2\/types\/product"}],"replies":[{"embeddable":true,"href":"https:\/\/geometricard.xyz\/index.php\/wp-json\/wp\/v2\/comments?post=1198"}],"wp:featuredmedia":[{"embeddable":true,"href":"https:\/\/geometricard.xyz\/index.php\/wp-json\/wp\/v2\/media\/80"}],"wp:attachment":[{"href":"https:\/\/geometricard.xyz\/index.php\/wp-json\/wp\/v2\/media?parent=1198"}],"wp:term":[{"taxonomy":"product_brand","embeddable":true,"href":"https:\/\/geometricard.xyz\/index.php\/wp-json\/wp\/v2\/product_brand?post=1198"},{"taxonomy":"product_cat","embeddable":true,"href":"https:\/\/geometricard.xyz\/index.php\/wp-json\/wp\/v2\/product_cat?post=1198"},{"taxonomy":"product_tag","embeddable":true,"href":"https:\/\/geometricard.xyz\/index.php\/wp-json\/wp\/v2\/product_tag?post=1198"}],"curies":[{"name":"wp","href":"https:\/\/api.w.org\/{rel}","templated":true}]}}