{"id":171,"date":"2019-10-20T17:28:17","date_gmt":"2019-10-20T20:28:17","guid":{"rendered":"https:\/\/geometricard.xyz\/?post_type=product&#038;p=171"},"modified":"2026-02-24T19:42:38","modified_gmt":"2026-02-24T22:42:38","slug":"geometricard-transparente-pack-x10","status":"publish","type":"product","link":"https:\/\/geometricard.xyz\/index.php\/producto\/geometricard-transparente-pack-x10\/","title":{"rendered":"GeoMetriCard Transparente Pack x10"},"content":{"rendered":"<p data-path-to-node=\"5\"><b data-path-to-node=\"5\" data-index-in-node=\"0\">\u00a1Llev\u00e1 tu precisi\u00f3n al siguiente nivel sin que te pese en el bolsillo!<\/b> \ud83d\udcd0\u2728<\/p>\n<p data-path-to-node=\"6\">\u00bfBusc\u00e1s dominar las matem\u00e1ticas y el dise\u00f1o? La <b data-path-to-node=\"6\" data-index-in-node=\"48\">GeoMetriCard Transparente<\/b> es tu nueva aliada. Es tan ligera y clara que parece aire, pero tiene todo el poder para despertar al genio que llev\u00e1s dentro. \ud83e\udde0\ud83d\udd25 \u00a1Traz\u00e1, med\u00ed y cre\u00e1 en cualquier lugar!<\/p>\n<p data-path-to-node=\"7\">\ud83d\udcb0 <b data-path-to-node=\"7\" data-index-in-node=\"3\">PROMO ESPECIAL:<\/b> Llevatela con un <b data-path-to-node=\"7\" data-index-in-node=\"36\">10% OFF<\/b> pagando por transferencia. \u00a1No la dejes pasar!<\/p>\n<p data-path-to-node=\"8\">\ud83d\udc69\u200d\ud83c\udfeb <b data-path-to-node=\"8\" data-index-in-node=\"6\">\u00bfSos docente o represent\u00e1s a una instituci\u00f3n?<\/b> Tenemos descuentos mayoristas pensados para ustedes. \u00a1Hagamos que todo el curso se equipe! \ud83d\udcf2 Escribinos ac\u00e1: <b data-path-to-node=\"8\" data-index-in-node=\"162\">3855050317<\/b><\/p>\n<p data-path-to-node=\"9\">\ud83d\ude9a <b data-path-to-node=\"9\" data-index-in-node=\"3\">Env\u00edos a todo el pa\u00eds:<\/b> \u00bfQuer\u00e9s saber cu\u00e1nto cuesta el env\u00edo? Muy f\u00e1cil: <b data-path-to-node=\"9\" data-index-in-node=\"75\">Haz clic<\/b> en el logo de <b data-path-to-node=\"9\" data-index-in-node=\"98\">Andreani<\/b> que ves abajo, pon\u00e9 tu c\u00f3digo postal y listo. \ud83d\udc47<\/p>\n","protected":false},"excerpt":{"rendered":"<p data-path-to-node=\"5\"><b data-path-to-node=\"5\" data-index-in-node=\"0\">\u00a1Llev\u00e1 tu precisi\u00f3n al siguiente nivel sin que te pese en el bolsillo!<\/b> \ud83d\udcd0\u2728<\/p>\n<p data-path-to-node=\"6\">\u00bfBusc\u00e1s dominar las matem\u00e1ticas y el dise\u00f1o? La <b data-path-to-node=\"6\" data-index-in-node=\"48\">GeoMetriCard Transparente<\/b> es tu nueva aliada. Es tan ligera y clara que parece aire, pero tiene todo el poder para despertar al genio que llev\u00e1s dentro. \ud83e\udde0\ud83d\udd25 \u00a1Traz\u00e1, med\u00ed y cre\u00e1 en cualquier lugar!<\/p>\n<p data-path-to-node=\"7\">\ud83d\udcb0 <b data-path-to-node=\"7\" data-index-in-node=\"3\">PROMO ESPECIAL:<\/b> Llevatela con un <b data-path-to-node=\"7\" data-index-in-node=\"36\">10% OFF<\/b> pagando por transferencia. \u00a1No la dejes pasar!<\/p>\n<p data-path-to-node=\"8\">\ud83d\udc69\u200d\ud83c\udfeb <b data-path-to-node=\"8\" data-index-in-node=\"6\">\u00bfSos docente o represent\u00e1s a una instituci\u00f3n?<\/b> Tenemos descuentos mayoristas pensados para ustedes. \u00a1Hagamos que todo el curso se equipe! \ud83d\udcf2 Escribinos ac\u00e1: <b data-path-to-node=\"8\" data-index-in-node=\"162\">3855050317<\/b><\/p>\n<p data-path-to-node=\"9\">\ud83d\ude9a <b data-path-to-node=\"9\" data-index-in-node=\"3\">Env\u00edos a todo el pa\u00eds:<\/b> \u00bfQuer\u00e9s saber cu\u00e1nto cuesta el env\u00edo? Muy f\u00e1cil: <b data-path-to-node=\"9\" data-index-in-node=\"75\">Haz clic<\/b> en el logo de <b data-path-to-node=\"9\" data-index-in-node=\"98\">Andreani<\/b> que ves abajo, pon\u00e9 tu c\u00f3digo postal y listo. \ud83d\udc47<\/p>\n","protected":false},"featured_media":453,"comment_status":"open","ping_status":"closed","template":"","meta":[],"product_brand":[],"product_cat":[19],"product_tag":[],"class_list":{"0":"post-171","1":"product","2":"type-product","3":"status-publish","4":"has-post-thumbnail","6":"product_cat-gmc-trans","8":"first","9":"instock","10":"sale","11":"shipping-taxable","12":"purchasable","13":"product-type-simple"},"jetpack_sharing_enabled":true,"_links":{"self":[{"href":"https:\/\/geometricard.xyz\/index.php\/wp-json\/wp\/v2\/product\/171","targetHints":{"allow":["GET"]}}],"collection":[{"href":"https:\/\/geometricard.xyz\/index.php\/wp-json\/wp\/v2\/product"}],"about":[{"href":"https:\/\/geometricard.xyz\/index.php\/wp-json\/wp\/v2\/types\/product"}],"replies":[{"embeddable":true,"href":"https:\/\/geometricard.xyz\/index.php\/wp-json\/wp\/v2\/comments?post=171"}],"wp:featuredmedia":[{"embeddable":true,"href":"https:\/\/geometricard.xyz\/index.php\/wp-json\/wp\/v2\/media\/453"}],"wp:attachment":[{"href":"https:\/\/geometricard.xyz\/index.php\/wp-json\/wp\/v2\/media?parent=171"}],"wp:term":[{"taxonomy":"product_brand","embeddable":true,"href":"https:\/\/geometricard.xyz\/index.php\/wp-json\/wp\/v2\/product_brand?post=171"},{"taxonomy":"product_cat","embeddable":true,"href":"https:\/\/geometricard.xyz\/index.php\/wp-json\/wp\/v2\/product_cat?post=171"},{"taxonomy":"product_tag","embeddable":true,"href":"https:\/\/geometricard.xyz\/index.php\/wp-json\/wp\/v2\/product_tag?post=171"}],"curies":[{"name":"wp","href":"https:\/\/api.w.org\/{rel}","templated":true}]}}